
{"id":281,"date":"2019-05-10T14:34:20","date_gmt":"2019-05-10T12:34:20","guid":{"rendered":"https:\/\/marbacka.com\/hem\/"},"modified":"2026-01-26T02:24:31","modified_gmt":"2026-01-26T01:24:31","slug":"hem","status":"publish","type":"page","link":"https:\/\/marbacka.com\/en\/","title":{"rendered":"Hem"},"content":{"rendered":"","protected":false},"excerpt":{"rendered":"","protected":false},"author":1,"featured_media":0,"parent":0,"menu_order":0,"comment_status":"closed","ping_status":"closed","template":"home.php","meta":{"_acf_changed":false,"footnotes":""},"class_list":["post-281","page","type-page","status-publish","hentry"],"acf":[],"yoast_head":"<!-- This site is optimized with the Yoast SEO plugin v26.8 - https:\/\/yoast.com\/product\/yoast-seo-wordpress\/ -->\n<title>Hem - M\u00e5rbacka<\/title>\n<meta name=\"description\" content=\"M\u00f6t Selma Lagerl\u00f6f p\u00e5 M\u00e5rbacka och h\u00f6r hennes funderingar om hon ska studera och skriva eller om hon ska ta en annan bana i livet.\" \/>\n<meta name=\"robots\" content=\"index, follow, max-snippet:-1, max-image-preview:large, max-video-preview:-1\" \/>\n<link rel=\"canonical\" href=\"https:\/\/marbacka.com\/en\/\" \/>\n<meta property=\"og:locale\" content=\"en_US\" \/>\n<meta property=\"og:type\" content=\"article\" \/>\n<meta property=\"og:title\" content=\"Hem - M\u00e5rbacka\" \/>\n<meta property=\"og:description\" content=\"M\u00f6t Selma Lagerl\u00f6f p\u00e5 M\u00e5rbacka och h\u00f6r hennes funderingar om hon ska studera och skriva eller om hon ska ta en annan bana i livet.\" \/>\n<meta property=\"og:url\" content=\"https:\/\/marbacka.com\/en\/\" \/>\n<meta property=\"og:site_name\" content=\"M\u00e5rbacka\" \/>\n<meta property=\"article:modified_time\" content=\"2026-01-26T01:24:31+00:00\" \/>\n<meta name=\"twitter:card\" content=\"summary_large_image\" \/>\n<script type=\"application\/ld+json\" class=\"yoast-schema-graph\">{\"@context\":\"https:\/\/schema.org\",\"@graph\":[{\"@type\":\"WebPage\",\"@id\":\"https:\/\/marbacka.com\/en\/\",\"url\":\"https:\/\/marbacka.com\/en\/\",\"name\":\"Hem - M\u00e5rbacka\",\"isPartOf\":{\"@id\":\"https:\/\/marbacka.com\/#website\"},\"datePublished\":\"2019-05-10T12:34:20+00:00\",\"dateModified\":\"2026-01-26T01:24:31+00:00\",\"description\":\"M\u00f6t Selma Lagerl\u00f6f p\u00e5 M\u00e5rbacka och h\u00f6r hennes funderingar om hon ska studera och skriva eller om hon ska ta en annan bana i livet.\",\"breadcrumb\":{\"@id\":\"https:\/\/marbacka.com\/en\/#breadcrumb\"},\"inLanguage\":\"en-US\",\"potentialAction\":[{\"@type\":\"ReadAction\",\"target\":[\"https:\/\/marbacka.com\/en\/\"]}]},{\"@type\":\"BreadcrumbList\",\"@id\":\"https:\/\/marbacka.com\/en\/#breadcrumb\",\"itemListElement\":[{\"@type\":\"ListItem\",\"position\":1,\"name\":\"Home\",\"item\":\"https:\/\/marbacka.com\/en\/\"},{\"@type\":\"ListItem\",\"position\":2,\"name\":\"Hem\"}]},{\"@type\":\"WebSite\",\"@id\":\"https:\/\/marbacka.com\/#website\",\"url\":\"https:\/\/marbacka.com\/\",\"name\":\"M\u00e5rbacka\",\"description\":\"En till WordPress-webbplats\",\"potentialAction\":[{\"@type\":\"SearchAction\",\"target\":{\"@type\":\"EntryPoint\",\"urlTemplate\":\"https:\/\/marbacka.com\/?s={search_term_string}\"},\"query-input\":{\"@type\":\"PropertyValueSpecification\",\"valueRequired\":true,\"valueName\":\"search_term_string\"}}],\"inLanguage\":\"en-US\"}]}<\/script>\n<!-- \/ Yoast SEO plugin. -->","yoast_head_json":{"title":"Hem - M\u00e5rbacka","description":"M\u00f6t Selma Lagerl\u00f6f p\u00e5 M\u00e5rbacka och h\u00f6r hennes funderingar om hon ska studera och skriva eller om hon ska ta en annan bana i livet.","robots":{"index":"index","follow":"follow","max-snippet":"max-snippet:-1","max-image-preview":"max-image-preview:large","max-video-preview":"max-video-preview:-1"},"canonical":"https:\/\/marbacka.com\/en\/","og_locale":"en_US","og_type":"article","og_title":"Hem - M\u00e5rbacka","og_description":"M\u00f6t Selma Lagerl\u00f6f p\u00e5 M\u00e5rbacka och h\u00f6r hennes funderingar om hon ska studera och skriva eller om hon ska ta en annan bana i livet.","og_url":"https:\/\/marbacka.com\/en\/","og_site_name":"M\u00e5rbacka","article_modified_time":"2026-01-26T01:24:31+00:00","twitter_card":"summary_large_image","schema":{"@context":"https:\/\/schema.org","@graph":[{"@type":"WebPage","@id":"https:\/\/marbacka.com\/en\/","url":"https:\/\/marbacka.com\/en\/","name":"Hem - M\u00e5rbacka","isPartOf":{"@id":"https:\/\/marbacka.com\/#website"},"datePublished":"2019-05-10T12:34:20+00:00","dateModified":"2026-01-26T01:24:31+00:00","description":"M\u00f6t Selma Lagerl\u00f6f p\u00e5 M\u00e5rbacka och h\u00f6r hennes funderingar om hon ska studera och skriva eller om hon ska ta en annan bana i livet.","breadcrumb":{"@id":"https:\/\/marbacka.com\/en\/#breadcrumb"},"inLanguage":"en-US","potentialAction":[{"@type":"ReadAction","target":["https:\/\/marbacka.com\/en\/"]}]},{"@type":"BreadcrumbList","@id":"https:\/\/marbacka.com\/en\/#breadcrumb","itemListElement":[{"@type":"ListItem","position":1,"name":"Home","item":"https:\/\/marbacka.com\/en\/"},{"@type":"ListItem","position":2,"name":"Hem"}]},{"@type":"WebSite","@id":"https:\/\/marbacka.com\/#website","url":"https:\/\/marbacka.com\/","name":"M\u00e5rbacka","description":"En till WordPress-webbplats","potentialAction":[{"@type":"SearchAction","target":{"@type":"EntryPoint","urlTemplate":"https:\/\/marbacka.com\/?s={search_term_string}"},"query-input":{"@type":"PropertyValueSpecification","valueRequired":true,"valueName":"search_term_string"}}],"inLanguage":"en-US"}]}},"_links":{"self":[{"href":"https:\/\/marbacka.com\/en\/wp-json\/wp\/v2\/pages\/281","targetHints":{"allow":["GET"]}}],"collection":[{"href":"https:\/\/marbacka.com\/en\/wp-json\/wp\/v2\/pages"}],"about":[{"href":"https:\/\/marbacka.com\/en\/wp-json\/wp\/v2\/types\/page"}],"author":[{"embeddable":true,"href":"https:\/\/marbacka.com\/en\/wp-json\/wp\/v2\/users\/1"}],"replies":[{"embeddable":true,"href":"https:\/\/marbacka.com\/en\/wp-json\/wp\/v2\/comments?post=281"}],"version-history":[{"count":36,"href":"https:\/\/marbacka.com\/en\/wp-json\/wp\/v2\/pages\/281\/revisions"}],"predecessor-version":[{"id":5070,"href":"https:\/\/marbacka.com\/en\/wp-json\/wp\/v2\/pages\/281\/revisions\/5070"}],"wp:attachment":[{"href":"https:\/\/marbacka.com\/en\/wp-json\/wp\/v2\/media?parent=281"}],"curies":[{"name":"wp","href":"https:\/\/api.w.org\/{rel}","templated":true}]}}