
{"id":1899,"date":"2019-05-20T16:19:42","date_gmt":"2019-05-20T14:19:42","guid":{"rendered":"https:\/\/marbacka.com\/infor-besoket\/"},"modified":"2026-05-07T18:18:59","modified_gmt":"2026-05-07T16:18:59","slug":"infor-besoket-faq","status":"publish","type":"page","link":"https:\/\/marbacka.com\/en\/infor-besoket-faq\/","title":{"rendered":"Inf\u00f6r bes\u00f6ket \/ FAQ"},"content":{"rendered":"","protected":false},"excerpt":{"rendered":"","protected":false},"author":3,"featured_media":0,"parent":0,"menu_order":0,"comment_status":"closed","ping_status":"closed","template":"standard.php","meta":{"_acf_changed":false,"footnotes":""},"class_list":["post-1899","page","type-page","status-publish","hentry"],"acf":[],"yoast_head":"<!-- This site is optimized with the Yoast SEO plugin v27.5 - https:\/\/yoast.com\/product\/yoast-seo-wordpress\/ -->\n<title>Inf\u00f6r bes\u00f6ket \/ FAQ - M\u00e5rbacka<\/title>\n<meta name=\"description\" content=\"H\u00e4r svarar vi p\u00e5 vanliga fr\u00e5gor inf\u00f6r ert bes\u00f6k p\u00e5 M\u00e5rbacka. V\u00e4lkomna!\" \/>\n<meta name=\"robots\" content=\"index, follow, max-snippet:-1, max-image-preview:large, max-video-preview:-1\" \/>\n<link rel=\"canonical\" href=\"https:\/\/marbacka.com\/en\/infor-besoket-faq\/\" \/>\n<meta property=\"og:locale\" content=\"en_US\" \/>\n<meta property=\"og:type\" content=\"article\" \/>\n<meta property=\"og:title\" content=\"Inf\u00f6r bes\u00f6ket \/ FAQ - M\u00e5rbacka\" \/>\n<meta property=\"og:description\" content=\"H\u00e4r svarar vi p\u00e5 vanliga fr\u00e5gor inf\u00f6r ert bes\u00f6k p\u00e5 M\u00e5rbacka. V\u00e4lkomna!\" \/>\n<meta property=\"og:url\" content=\"https:\/\/marbacka.com\/en\/infor-besoket-faq\/\" \/>\n<meta property=\"og:site_name\" content=\"M\u00e5rbacka\" \/>\n<meta property=\"article:modified_time\" content=\"2026-05-07T16:18:59+00:00\" \/>\n<meta name=\"twitter:card\" content=\"summary_large_image\" \/>\n<script type=\"application\/ld+json\" class=\"yoast-schema-graph\">{\"@context\":\"https:\\\/\\\/schema.org\",\"@graph\":[{\"@type\":\"WebPage\",\"@id\":\"https:\\\/\\\/marbacka.com\\\/en\\\/infor-besoket-faq\\\/\",\"url\":\"https:\\\/\\\/marbacka.com\\\/en\\\/infor-besoket-faq\\\/\",\"name\":\"Inf\u00f6r bes\u00f6ket \\\/ FAQ - M\u00e5rbacka\",\"isPartOf\":{\"@id\":\"https:\\\/\\\/marbacka.com\\\/#website\"},\"datePublished\":\"2019-05-20T14:19:42+00:00\",\"dateModified\":\"2026-05-07T16:18:59+00:00\",\"description\":\"H\u00e4r svarar vi p\u00e5 vanliga fr\u00e5gor inf\u00f6r ert bes\u00f6k p\u00e5 M\u00e5rbacka. V\u00e4lkomna!\",\"breadcrumb\":{\"@id\":\"https:\\\/\\\/marbacka.com\\\/en\\\/infor-besoket-faq\\\/#breadcrumb\"},\"inLanguage\":\"en-US\",\"potentialAction\":[{\"@type\":\"ReadAction\",\"target\":[\"https:\\\/\\\/marbacka.com\\\/en\\\/infor-besoket-faq\\\/\"]}]},{\"@type\":\"BreadcrumbList\",\"@id\":\"https:\\\/\\\/marbacka.com\\\/en\\\/infor-besoket-faq\\\/#breadcrumb\",\"itemListElement\":[{\"@type\":\"ListItem\",\"position\":1,\"name\":\"Home\",\"item\":\"https:\\\/\\\/marbacka.com\\\/en\\\/\"},{\"@type\":\"ListItem\",\"position\":2,\"name\":\"Inf\u00f6r bes\u00f6ket \\\/ FAQ\"}]},{\"@type\":\"WebSite\",\"@id\":\"https:\\\/\\\/marbacka.com\\\/#website\",\"url\":\"https:\\\/\\\/marbacka.com\\\/\",\"name\":\"M\u00e5rbacka\",\"description\":\"En till WordPress-webbplats\",\"potentialAction\":[{\"@type\":\"SearchAction\",\"target\":{\"@type\":\"EntryPoint\",\"urlTemplate\":\"https:\\\/\\\/marbacka.com\\\/?s={search_term_string}\"},\"query-input\":{\"@type\":\"PropertyValueSpecification\",\"valueRequired\":true,\"valueName\":\"search_term_string\"}}],\"inLanguage\":\"en-US\"}]}<\/script>\n<!-- \/ Yoast SEO plugin. -->","yoast_head_json":{"title":"Inf\u00f6r bes\u00f6ket \/ FAQ - M\u00e5rbacka","description":"H\u00e4r svarar vi p\u00e5 vanliga fr\u00e5gor inf\u00f6r ert bes\u00f6k p\u00e5 M\u00e5rbacka. V\u00e4lkomna!","robots":{"index":"index","follow":"follow","max-snippet":"max-snippet:-1","max-image-preview":"max-image-preview:large","max-video-preview":"max-video-preview:-1"},"canonical":"https:\/\/marbacka.com\/en\/infor-besoket-faq\/","og_locale":"en_US","og_type":"article","og_title":"Inf\u00f6r bes\u00f6ket \/ FAQ - M\u00e5rbacka","og_description":"H\u00e4r svarar vi p\u00e5 vanliga fr\u00e5gor inf\u00f6r ert bes\u00f6k p\u00e5 M\u00e5rbacka. V\u00e4lkomna!","og_url":"https:\/\/marbacka.com\/en\/infor-besoket-faq\/","og_site_name":"M\u00e5rbacka","article_modified_time":"2026-05-07T16:18:59+00:00","twitter_card":"summary_large_image","schema":{"@context":"https:\/\/schema.org","@graph":[{"@type":"WebPage","@id":"https:\/\/marbacka.com\/en\/infor-besoket-faq\/","url":"https:\/\/marbacka.com\/en\/infor-besoket-faq\/","name":"Inf\u00f6r bes\u00f6ket \/ FAQ - M\u00e5rbacka","isPartOf":{"@id":"https:\/\/marbacka.com\/#website"},"datePublished":"2019-05-20T14:19:42+00:00","dateModified":"2026-05-07T16:18:59+00:00","description":"H\u00e4r svarar vi p\u00e5 vanliga fr\u00e5gor inf\u00f6r ert bes\u00f6k p\u00e5 M\u00e5rbacka. V\u00e4lkomna!","breadcrumb":{"@id":"https:\/\/marbacka.com\/en\/infor-besoket-faq\/#breadcrumb"},"inLanguage":"en-US","potentialAction":[{"@type":"ReadAction","target":["https:\/\/marbacka.com\/en\/infor-besoket-faq\/"]}]},{"@type":"BreadcrumbList","@id":"https:\/\/marbacka.com\/en\/infor-besoket-faq\/#breadcrumb","itemListElement":[{"@type":"ListItem","position":1,"name":"Home","item":"https:\/\/marbacka.com\/en\/"},{"@type":"ListItem","position":2,"name":"Inf\u00f6r bes\u00f6ket \/ FAQ"}]},{"@type":"WebSite","@id":"https:\/\/marbacka.com\/#website","url":"https:\/\/marbacka.com\/","name":"M\u00e5rbacka","description":"En till WordPress-webbplats","potentialAction":[{"@type":"SearchAction","target":{"@type":"EntryPoint","urlTemplate":"https:\/\/marbacka.com\/?s={search_term_string}"},"query-input":{"@type":"PropertyValueSpecification","valueRequired":true,"valueName":"search_term_string"}}],"inLanguage":"en-US"}]}},"_links":{"self":[{"href":"https:\/\/marbacka.com\/en\/wp-json\/wp\/v2\/pages\/1899","targetHints":{"allow":["GET"]}}],"collection":[{"href":"https:\/\/marbacka.com\/en\/wp-json\/wp\/v2\/pages"}],"about":[{"href":"https:\/\/marbacka.com\/en\/wp-json\/wp\/v2\/types\/page"}],"author":[{"embeddable":true,"href":"https:\/\/marbacka.com\/en\/wp-json\/wp\/v2\/users\/3"}],"replies":[{"embeddable":true,"href":"https:\/\/marbacka.com\/en\/wp-json\/wp\/v2\/comments?post=1899"}],"version-history":[{"count":31,"href":"https:\/\/marbacka.com\/en\/wp-json\/wp\/v2\/pages\/1899\/revisions"}],"predecessor-version":[{"id":5277,"href":"https:\/\/marbacka.com\/en\/wp-json\/wp\/v2\/pages\/1899\/revisions\/5277"}],"wp:attachment":[{"href":"https:\/\/marbacka.com\/en\/wp-json\/wp\/v2\/media?parent=1899"}],"curies":[{"name":"wp","href":"https:\/\/api.w.org\/{rel}","templated":true}]}}